{"id":5479,"date":"2020-10-19T21:00:34","date_gmt":"2020-10-19T21:00:34","guid":{"rendered":"http:\/\/kiddy.cws.net\/?page_id=5479"},"modified":"2023-09-07T12:46:42","modified_gmt":"2023-09-07T12:46:42","slug":"iletisim","status":"publish","type":"page","link":"https:\/\/www.yaseminanaokulu.com\/?page_id=5479","title":{"rendered":"\u0130leti\u015fim"},"content":{"rendered":"\t\t<div data-elementor-type=\"wp-page\" data-elementor-id=\"5479\" class=\"elementor elementor-5479\">\n\t\t\t\t\t\t<div class=\"elementor-inner\">\n\t\t\t\t<div class=\"elementor-section-wrap\">\n\t\t\t\t\t\t\t\t\t<section class=\"elementor-section elementor-top-section elementor-element elementor-element-213e3de elementor-section-boxed elementor-section-height-default elementor-section-height-default\" data-id=\"213e3de\" data-element_type=\"section\">\n\t\t\t\t\t\t<div class=\"elementor-container elementor-column-gap-default\">\n\t\t\t\t\t\t\t<div class=\"elementor-row\">\n\t\t\t\t\t<div class=\"elementor-column elementor-col-100 elementor-top-column elementor-element elementor-element-103c160\" data-id=\"103c160\" data-element_type=\"column\">\n\t\t\t<div class=\"elementor-column-wrap elementor-element-populated\">\n\t\t\t\t\t\t\t<div class=\"elementor-widget-wrap\">\n\t\t\t\t\t\t<div class=\"elementor-element elementor-element-fd20d59 elementor-widget elementor-widget-cws_heading\" data-id=\"fd20d59\" data-element_type=\"widget\" data-widget_type=\"cws_heading.default\">\n\t\t\t\t<div class=\"elementor-widget-container\">\n\t\t\t<h3 class=\"ce_title heading\"><div>MEB \u00d6zel Avc\u0131lar Yasemin Anaokulu<\/div><\/h3>\t\t<\/div>\n\t\t\t\t<\/div>\n\t\t\t\t<div class=\"elementor-element elementor-element-3cf8a97 map-border elementor-widget elementor-widget-google_maps\" data-id=\"3cf8a97\" data-element_type=\"widget\" data-widget_type=\"google_maps.default\">\n\t\t\t\t<div class=\"elementor-widget-container\">\n\t\t\t<style>\/*! elementor - v3.15.0 - 20-08-2023 *\/\n.elementor-widget-google_maps .elementor-widget-container{overflow:hidden}.elementor-widget-google_maps .elementor-custom-embed{line-height:0}.elementor-widget-google_maps iframe{height:300px}<\/style>\t\t<div class=\"elementor-custom-embed\">\n\t\t\t<iframe loading=\"lazy\"\n\t\t\t\t\tsrc=\"https:\/\/maps.google.com\/maps?q=%C3%B6zel%20avc%C4%B1lar%20yasemin%20anaokulu&#038;t=m&#038;z=15&#038;output=embed&#038;iwloc=near\"\n\t\t\t\t\ttitle=\"\u00f6zel avc\u0131lar yasemin anaokulu\"\n\t\t\t\t\taria-label=\"\u00f6zel avc\u0131lar yasemin anaokulu\"\n\t\t\t><\/iframe>\n\t\t<\/div>\n\t\t\t\t<\/div>\n\t\t\t\t<\/div>\n\t\t\t\t\t\t<\/div>\n\t\t\t\t\t<\/div>\n\t\t<\/div>\n\t\t\t\t\t\t\t\t<\/div>\n\t\t\t\t\t<\/div>\n\t\t<\/section>\n\t\t\t\t<section class=\"elementor-section elementor-top-section elementor-element elementor-element-ae040df elementor-section-boxed elementor-section-height-default elementor-section-height-default\" data-id=\"ae040df\" data-element_type=\"section\">\n\t\t\t\t\t\t<div class=\"elementor-container elementor-column-gap-extended\">\n\t\t\t\t\t\t\t<div class=\"elementor-row\">\n\t\t\t\t\t<div class=\"elementor-column elementor-col-33 elementor-top-column elementor-element elementor-element-b3cf513\" data-id=\"b3cf513\" data-element_type=\"column\">\n\t\t\t<div class=\"elementor-column-wrap elementor-element-populated\">\n\t\t\t\t\t\t\t<div class=\"elementor-widget-wrap\">\n\t\t\t\t\t\t<div class=\"elementor-element elementor-element-6a1e3ee elementor-widget elementor-widget-cws_heading\" data-id=\"6a1e3ee\" data-element_type=\"widget\" data-widget_type=\"cws_heading.default\">\n\t\t\t\t<div class=\"elementor-widget-container\">\n\t\t\t<h3 class=\"ce_title heading\"><div>\u0130leti\u015fim Bilgileri<\/div><\/h3>\t\t<\/div>\n\t\t\t\t<\/div>\n\t\t\t\t<div class=\"elementor-element elementor-element-3b89e58 icon_position_left elementor-widget elementor-widget-cws_icon_box\" data-id=\"3b89e58\" data-element_type=\"widget\" data-widget_type=\"cws_icon_box.default\">\n\t\t\t\t<div class=\"elementor-widget-container\">\n\t\t\t<div class=\"cws_icon_box\"><span class=\"cws_fa_wrapper\"><i class=\"cws_fa fa-1g fas fa-location-arrow\" aria-hidden=\"true\"><\/i><span class=\"ring\"><\/span><\/span><div class=\"icon_box_content_wrapper\"><h2 class=\"icon_box_title\"><div>Adres:<\/div><\/h2><div class=\"icon_box_content\"><p>G\u00fcm\u00fc\u015fpala Mahallesi, G\u00fczel Bakan Sk. No: 14, 34320 Avc\u0131lar\/\u0130stanbul<\/p><\/div><\/div><\/div>\t\t<\/div>\n\t\t\t\t<\/div>\n\t\t\t\t<div class=\"elementor-element elementor-element-b2e691a icon_position_left elementor-widget elementor-widget-cws_icon_box\" data-id=\"b2e691a\" data-element_type=\"widget\" data-widget_type=\"cws_icon_box.default\">\n\t\t\t\t<div class=\"elementor-widget-container\">\n\t\t\t<div class=\"cws_icon_box\"><span class=\"cws_fa_wrapper\"><i class=\"cws_fa fa-1g far fa-clock\" aria-hidden=\"true\"><\/i><span class=\"ring\"><\/span><\/span><div class=\"icon_box_content_wrapper\"><h2 class=\"icon_box_title\"><div>Hafta \u0130\u00e7i<\/div><\/h2><div class=\"icon_box_content\"><p>07:30 \u2013 18:30PM<\/p><\/div><\/div><\/div>\t\t<\/div>\n\t\t\t\t<\/div>\n\t\t\t\t<div class=\"elementor-element elementor-element-8ef0493 icon_position_left elementor-widget elementor-widget-cws_icon_box\" data-id=\"8ef0493\" data-element_type=\"widget\" data-widget_type=\"cws_icon_box.default\">\n\t\t\t\t<div class=\"elementor-widget-container\">\n\t\t\t<div class=\"cws_icon_box\"><span class=\"cws_fa_wrapper\"><i class=\"cws_fa fa-1g fas fa-phone-alt\" aria-hidden=\"true\"><\/i><span class=\"ring\"><\/span><\/span><div class=\"icon_box_content_wrapper\"><h2 class=\"icon_box_title\"><div>Telefon:<\/div><\/h2><div class=\"icon_box_content\"><p><a href=\"https:\/\/www.google.com\/search?q=avc%C4%B1lar+yasemin+anaokulu&amp;sca_esv=562114412&amp;ei=-8DyZPvqMZqLxc8Pk5CpkAE&amp;gs_ssp=eJzj4tZP1zcsSasyN41PM2C0UjWoMDRJTkw0tEwzNjI0N7BMNbUyqEi1SEtOSzKzTDIwNEi2MEnzkkwsSz6yMSexSKEysTg1NzNPITEvMT-7NKcUAKT9GYE&amp;oq=avc%C4%B1lar+yasem&amp;gs_lp=Egxnd3Mtd2l6LXNlcnAiDmF2Y8SxbGFyIHlhc2VtKgIIADILEC4YgAQYxwEYrwEyAhAmMgIQJjIGEAAYFhgeMgYQABgWGB4yAhAmMgIQJjICECYyGhAuGIAEGMcBGK8BGJcFGNwEGN4EGOAE2AECSO8nUNMHWJMYcAN4AZABAJgBlwGgAasLqgEEMi4xMbgBA8gBAPgBAcICChAAGEcY1gQYsAPCAgoQABiKBRiwAxhDwgIWEC4YigUYxwEY0QMYyAMYsAMYQ9gBAcICEBAuGIoFGMgDGLADGEPYAQHCAgsQABiKBRixAxiDAcICERAuGIAEGLEDGIMBGMcBGNEDwgILEAAYgAQYsQMYgwHCAgUQABiABMICBRAuGIAEwgILEC4YgAQYxwEY0QPCAg0QLhiKBRixAxiDARhDwgIHEC4YigUYQ8ICBxAAGIoFGEPCAgsQLhiABBixAxiDAcICHBAuGIoFGLEDGIMBGEMYlwUY3AQY3gQY4ATYAQLCAgoQLhiKBRixAxhDwgIKEAAYigUYsQMYQ8ICDRAAGIoFGLEDGIMBGEPCAhEQLhiABBixAxiDARjHARivAcICCBAAGIAEGLEDwgIOEC4YgAQYsQMYxwEYrwHCAhkQLhiKBRixAxhDGJcFGNwEGN4EGOAE2AECwgIIEC4YgAQYsQPCAgsQLhivARjHARiABMICCBAAGBYYHhgP4gMEGAAgQYgGAZAGEroGBggBEAEYCLoGBggCEAEYFA&amp;sclient=gws-wiz-serp#\" data-dtype=\"d3ph\" data-local-attribute=\"d3ph\" data-ved=\"2ahUKEwiqoKGXkouBAxWlVvEDHdIVBGcQkAgoAHoECDsQAw\"><span aria-label=\"(0212) 591 91 83 Numaral\u0131 Telefonu Ara\">(0212) 591 91 83<\/span><\/a><\/p><\/div><\/div><\/div>\t\t<\/div>\n\t\t\t\t<\/div>\n\t\t\t\t<div class=\"elementor-element elementor-element-0790d78 icon_position_left elementor-widget elementor-widget-cws_icon_box\" data-id=\"0790d78\" data-element_type=\"widget\" data-widget_type=\"cws_icon_box.default\">\n\t\t\t\t<div class=\"elementor-widget-container\">\n\t\t\t<div class=\"cws_icon_box\"><span class=\"cws_fa_wrapper\"><i class=\"cws_fa fa-1g fas fa-envelope\" aria-hidden=\"true\"><\/i><span class=\"ring\"><\/span><\/span><div class=\"icon_box_content_wrapper\"><h2 class=\"icon_box_title\"><div>E-mail:<\/div><\/h2><div class=\"icon_box_content\"><p>info@yaseminanaokulu.com<\/p><\/div><\/div><\/div>\t\t<\/div>\n\t\t\t\t<\/div>\n\t\t\t\t\t\t<\/div>\n\t\t\t\t\t<\/div>\n\t\t<\/div>\n\t\t\t\t<div class=\"elementor-column elementor-col-66 elementor-top-column elementor-element elementor-element-e8378b6\" data-id=\"e8378b6\" data-element_type=\"column\">\n\t\t\t<div class=\"elementor-column-wrap elementor-element-populated\">\n\t\t\t\t\t\t\t<div class=\"elementor-widget-wrap\">\n\t\t\t\t\t\t<div class=\"elementor-element elementor-element-56c94aa elementor-widget elementor-widget-cws_heading\" data-id=\"56c94aa\" data-element_type=\"widget\" data-widget_type=\"cws_heading.default\">\n\t\t\t\t<div class=\"elementor-widget-container\">\n\t\t\t<h3 class=\"ce_title heading\"><div>Bize Yazabilirsiniz.<\/div><\/h3>\t\t<\/div>\n\t\t\t\t<\/div>\n\t\t\t\t<div class=\"elementor-element elementor-element-af6b682 elementor-widget elementor-widget-cws_contact_form_7\" data-id=\"af6b682\" data-element_type=\"widget\" data-widget_type=\"cws_contact_form_7.default\">\n\t\t\t\t<div class=\"elementor-widget-container\">\n\t\t\t\n<div class=\"wpcf7 no-js\" id=\"wpcf7-f8-o1\" lang=\"tr-TR\" dir=\"ltr\">\n<div class=\"screen-reader-response\"><p role=\"status\" aria-live=\"polite\" aria-atomic=\"true\"><\/p> <ul><\/ul><\/div>\n<form action=\"\/index.php?rest_route=%2Fwp%2Fv2%2Fpages%2F5479#wpcf7-f8-o1\" method=\"post\" class=\"wpcf7-form init\" aria-label=\"Contact form\" novalidate=\"novalidate\" data-status=\"init\">\n<div style=\"display: none;\">\n<input type=\"hidden\" name=\"_wpcf7\" value=\"8\" \/>\n<input type=\"hidden\" name=\"_wpcf7_version\" value=\"5.8\" \/>\n<input type=\"hidden\" name=\"_wpcf7_locale\" value=\"tr_TR\" \/>\n<input type=\"hidden\" name=\"_wpcf7_unit_tag\" value=\"wpcf7-f8-o1\" \/>\n<input type=\"hidden\" name=\"_wpcf7_container_post\" value=\"0\" \/>\n<input type=\"hidden\" name=\"_wpcf7_posted_data_hash\" value=\"\" \/>\n<\/div>\n<p><label> Ad\u0131n\u0131z<br \/>\n<span class=\"wpcf7-form-control-wrap\" data-name=\"your-name\"><input size=\"40\" class=\"wpcf7-form-control wpcf7-text wpcf7-validates-as-required\" autocomplete=\"name\" aria-required=\"true\" aria-invalid=\"false\" value=\"\" type=\"text\" name=\"your-name\" \/><\/span> <\/label>\n<\/p>\n<p><label> E-posta adresiniz<br \/>\n<span class=\"wpcf7-form-control-wrap\" data-name=\"your-email\"><input size=\"40\" class=\"wpcf7-form-control wpcf7-email wpcf7-validates-as-required wpcf7-text wpcf7-validates-as-email\" autocomplete=\"email\" aria-required=\"true\" aria-invalid=\"false\" value=\"\" type=\"email\" name=\"your-email\" \/><\/span> <\/label>\n<\/p>\n<p><label> Konu<br \/>\n<span class=\"wpcf7-form-control-wrap\" data-name=\"your-subject\"><input size=\"40\" class=\"wpcf7-form-control wpcf7-text wpcf7-validates-as-required\" aria-required=\"true\" aria-invalid=\"false\" value=\"\" type=\"text\" name=\"your-subject\" \/><\/span> <\/label>\n<\/p>\n<p><label> \u0130letiniz (tercihe ba\u011fl\u0131)<br \/>\n<span class=\"wpcf7-form-control-wrap\" data-name=\"your-message\"><textarea cols=\"40\" rows=\"10\" class=\"wpcf7-form-control wpcf7-textarea\" aria-invalid=\"false\" name=\"your-message\"><\/textarea><\/span> <\/label>\n<\/p>\n<p><input class=\"wpcf7-form-control wpcf7-submit has-spinner\" type=\"submit\" value=\"G\u00f6nder\" \/>\n<\/p><div class=\"wpcf7-response-output\" aria-hidden=\"true\"><\/div>\n<\/form>\n<\/div>\n\t\t<\/div>\n\t\t\t\t<\/div>\n\t\t\t\t\t\t<\/div>\n\t\t\t\t\t<\/div>\n\t\t<\/div>\n\t\t\t\t\t\t\t\t<\/div>\n\t\t\t\t\t<\/div>\n\t\t<\/section>\n\t\t\t\t<section class=\"elementor-section elementor-top-section elementor-element elementor-element-1660e04 elementor-section-boxed elementor-section-height-default elementor-section-height-default\" data-id=\"1660e04\" data-element_type=\"section\">\n\t\t\t\t\t\t<div class=\"elementor-container elementor-column-gap-default\">\n\t\t\t\t\t\t\t<div class=\"elementor-row\">\n\t\t\t\t\t<div class=\"elementor-column elementor-col-100 elementor-top-column elementor-element elementor-element-b33cd12\" data-id=\"b33cd12\" data-element_type=\"column\">\n\t\t\t<div class=\"elementor-column-wrap elementor-element-populated\">\n\t\t\t\t\t\t\t<div class=\"elementor-widget-wrap\">\n\t\t\t\t\t\t<div class=\"elementor-element elementor-element-672b495 elementor-widget elementor-widget-cws_button\" data-id=\"672b495\" data-element_type=\"widget\" data-widget_type=\"cws_button.default\">\n\t\t\t\t<div class=\"elementor-widget-container\">\n\t\t\t<a href=\"https:\/\/www.yaseminanaokulu.com\/?page_id=6740\" class=\"cws_button\">Galeri sayfam\u0131z\u0131 ziyaret etmek i\u00e7in t\u0131klay\u0131n\u0131z<\/a>\t\t<\/div>\n\t\t\t\t<\/div>\n\t\t\t\t<div class=\"elementor-element elementor-element-6f84985 elementor-widget elementor-widget-image-gallery\" data-id=\"6f84985\" data-element_type=\"widget\" data-widget_type=\"image-gallery.default\">\n\t\t\t\t<div class=\"elementor-widget-container\">\n\t\t\t<style>\/*! elementor - v3.15.0 - 20-08-2023 *\/\n.elementor-image-gallery .gallery-item{display:inline-block;text-align:center;vertical-align:top;width:100%;max-width:100%;margin:0 auto}.elementor-image-gallery .gallery-item img{margin:0 auto}.elementor-image-gallery .gallery-item .gallery-caption{margin:0}.elementor-image-gallery figure img{display:block}.elementor-image-gallery figure figcaption{width:100%}.gallery-spacing-custom .elementor-image-gallery .gallery-icon{padding:0}@media (min-width:768px){.elementor-image-gallery .gallery-columns-2 .gallery-item{max-width:50%}.elementor-image-gallery .gallery-columns-3 .gallery-item{max-width:33.33%}.elementor-image-gallery .gallery-columns-4 .gallery-item{max-width:25%}.elementor-image-gallery .gallery-columns-5 .gallery-item{max-width:20%}.elementor-image-gallery .gallery-columns-6 .gallery-item{max-width:16.666%}.elementor-image-gallery .gallery-columns-7 .gallery-item{max-width:14.28%}.elementor-image-gallery .gallery-columns-8 .gallery-item{max-width:12.5%}.elementor-image-gallery .gallery-columns-9 .gallery-item{max-width:11.11%}.elementor-image-gallery .gallery-columns-10 .gallery-item{max-width:10%}}@media (min-width:480px) and (max-width:767px){.elementor-image-gallery .gallery.gallery-columns-2 .gallery-item,.elementor-image-gallery .gallery.gallery-columns-3 .gallery-item,.elementor-image-gallery .gallery.gallery-columns-4 .gallery-item,.elementor-image-gallery .gallery.gallery-columns-5 .gallery-item,.elementor-image-gallery .gallery.gallery-columns-6 .gallery-item,.elementor-image-gallery .gallery.gallery-columns-7 .gallery-item,.elementor-image-gallery .gallery.gallery-columns-8 .gallery-item,.elementor-image-gallery .gallery.gallery-columns-9 .gallery-item,.elementor-image-gallery .gallery.gallery-columns-10 .gallery-item{max-width:50%}}@media (max-width:479px){.elementor-image-gallery .gallery.gallery-columns-2 .gallery-item,.elementor-image-gallery .gallery.gallery-columns-3 .gallery-item,.elementor-image-gallery .gallery.gallery-columns-4 .gallery-item,.elementor-image-gallery .gallery.gallery-columns-5 .gallery-item,.elementor-image-gallery .gallery.gallery-columns-6 .gallery-item,.elementor-image-gallery .gallery.gallery-columns-7 .gallery-item,.elementor-image-gallery .gallery.gallery-columns-8 .gallery-item,.elementor-image-gallery .gallery.gallery-columns-9 .gallery-item,.elementor-image-gallery .gallery.gallery-columns-10 .gallery-item{max-width:100%}}<\/style>\t\t<div class=\"elementor-image-gallery\">\n\t\t\t\n\t\t<style type=\"text\/css\">\n\t\t\t#gallery-1 {\n\t\t\t\tmargin: auto;\n\t\t\t}\n\t\t\t#gallery-1 .gallery-item {\n\t\t\t\tfloat: left;\n\t\t\t\tmargin-top: 10px;\n\t\t\t\ttext-align: center;\n\t\t\t\twidth: 33%;\n\t\t\t}\n\t\t\t#gallery-1 img {\n\t\t\t\tborder: 2px solid #cfcfcf;\n\t\t\t}\n\t\t\t#gallery-1 .gallery-caption {\n\t\t\t\tmargin-left: 0;\n\t\t\t}\n\t\t\t\/* see gallery_shortcode() in wp-includes\/media.php *\/\n\t\t<\/style>\n\t\t<div id='gallery-1' class='gallery galleryid-5479 gallery-columns-3 gallery-size-event-post-thumb-box'><dl class='gallery-item'>\n\t\t\t<dt class='gallery-icon landscape'>\n\t\t\t\t<a data-elementor-open-lightbox=\"no\" href='https:\/\/www.yaseminanaokulu.com\/wp-content\/uploads\/2023\/09\/IMG_8461-1.jpg'><img width=\"300\" height=\"240\" src=\"https:\/\/www.yaseminanaokulu.com\/wp-content\/uploads\/2023\/09\/IMG_8461-1-300x240.jpg\" class=\"attachment-event-post-thumb-box size-event-post-thumb-box\" alt=\"\" decoding=\"async\" loading=\"lazy\" \/><\/a>\n\t\t\t<\/dt><\/dl><dl class='gallery-item'>\n\t\t\t<dt class='gallery-icon landscape'>\n\t\t\t\t<a data-elementor-open-lightbox=\"no\" href='https:\/\/www.yaseminanaokulu.com\/wp-content\/uploads\/2023\/09\/IMG_8446-1.jpg'><img width=\"300\" height=\"240\" src=\"https:\/\/www.yaseminanaokulu.com\/wp-content\/uploads\/2023\/09\/IMG_8446-1-300x240.jpg\" class=\"attachment-event-post-thumb-box size-event-post-thumb-box\" alt=\"\" decoding=\"async\" loading=\"lazy\" \/><\/a>\n\t\t\t<\/dt><\/dl><dl class='gallery-item'>\n\t\t\t<dt class='gallery-icon landscape'>\n\t\t\t\t<a data-elementor-open-lightbox=\"no\" href='https:\/\/www.yaseminanaokulu.com\/wp-content\/uploads\/2023\/09\/IMG_8452-1.jpg'><img width=\"300\" height=\"240\" src=\"https:\/\/www.yaseminanaokulu.com\/wp-content\/uploads\/2023\/09\/IMG_8452-1-300x240.jpg\" class=\"attachment-event-post-thumb-box size-event-post-thumb-box\" alt=\"\" decoding=\"async\" loading=\"lazy\" \/><\/a>\n\t\t\t<\/dt><\/dl><br style=\"clear: both\" \/><dl class='gallery-item'>\n\t\t\t<dt class='gallery-icon landscape'>\n\t\t\t\t<a data-elementor-open-lightbox=\"no\" href='https:\/\/www.yaseminanaokulu.com\/wp-content\/uploads\/2023\/09\/IMG_8448-1.jpg'><img width=\"300\" height=\"240\" src=\"https:\/\/www.yaseminanaokulu.com\/wp-content\/uploads\/2023\/09\/IMG_8448-1-300x240.jpg\" class=\"attachment-event-post-thumb-box size-event-post-thumb-box\" alt=\"\" decoding=\"async\" loading=\"lazy\" \/><\/a>\n\t\t\t<\/dt><\/dl><dl class='gallery-item'>\n\t\t\t<dt class='gallery-icon landscape'>\n\t\t\t\t<a data-elementor-open-lightbox=\"no\" href='https:\/\/www.yaseminanaokulu.com\/wp-content\/uploads\/2023\/09\/IMG_8453-1.jpg'><img width=\"300\" height=\"240\" src=\"https:\/\/www.yaseminanaokulu.com\/wp-content\/uploads\/2023\/09\/IMG_8453-1-300x240.jpg\" class=\"attachment-event-post-thumb-box size-event-post-thumb-box\" alt=\"\" decoding=\"async\" loading=\"lazy\" \/><\/a>\n\t\t\t<\/dt><\/dl><dl class='gallery-item'>\n\t\t\t<dt class='gallery-icon landscape'>\n\t\t\t\t<a data-elementor-open-lightbox=\"no\" href='https:\/\/www.yaseminanaokulu.com\/wp-content\/uploads\/2023\/09\/IMG_8459-1.jpg'><img width=\"300\" height=\"240\" src=\"https:\/\/www.yaseminanaokulu.com\/wp-content\/uploads\/2023\/09\/IMG_8459-1-300x240.jpg\" class=\"attachment-event-post-thumb-box size-event-post-thumb-box\" alt=\"\" decoding=\"async\" loading=\"lazy\" \/><\/a>\n\t\t\t<\/dt><\/dl><br style=\"clear: both\" \/>\n\t\t<\/div>\n\t\t<\/div>\n\t\t\t\t<\/div>\n\t\t\t\t<\/div>\n\t\t\t\t\t\t<\/div>\n\t\t\t\t\t<\/div>\n\t\t<\/div>\n\t\t\t\t\t\t\t\t<\/div>\n\t\t\t\t\t<\/div>\n\t\t<\/section>\n\t\t\t\t\t\t\t\t\t<\/div>\n\t\t\t<\/div>\n\t\t\t\t\t<\/div>\n\t\t","protected":false},"excerpt":{"rendered":"","protected":false},"author":1,"featured_media":0,"parent":0,"menu_order":0,"comment_status":"closed","ping_status":"closed","template":"","meta":{"footnotes":""},"_links":{"self":[{"href":"https:\/\/www.yaseminanaokulu.com\/index.php?rest_route=\/wp\/v2\/pages\/5479"}],"collection":[{"href":"https:\/\/www.yaseminanaokulu.com\/index.php?rest_route=\/wp\/v2\/pages"}],"about":[{"href":"https:\/\/www.yaseminanaokulu.com\/index.php?rest_route=\/wp\/v2\/types\/page"}],"author":[{"embeddable":true,"href":"https:\/\/www.yaseminanaokulu.com\/index.php?rest_route=\/wp\/v2\/users\/1"}],"replies":[{"embeddable":true,"href":"https:\/\/www.yaseminanaokulu.com\/index.php?rest_route=%2Fwp%2Fv2%2Fcomments&post=5479"}],"version-history":[{"count":25,"href":"https:\/\/www.yaseminanaokulu.com\/index.php?rest_route=\/wp\/v2\/pages\/5479\/revisions"}],"predecessor-version":[{"id":6818,"href":"https:\/\/www.yaseminanaokulu.com\/index.php?rest_route=\/wp\/v2\/pages\/5479\/revisions\/6818"}],"wp:attachment":[{"href":"https:\/\/www.yaseminanaokulu.com\/index.php?rest_route=%2Fwp%2Fv2%2Fmedia&parent=5479"}],"curies":[{"name":"wp","href":"https:\/\/api.w.org\/{rel}","templated":true}]}}