{"id":5549,"date":"2020-10-28T23:00:04","date_gmt":"2020-10-28T23:00:04","guid":{"rendered":"http:\/\/kiddy.cws.net\/?page_id=5549"},"modified":"2023-09-04T05:37:21","modified_gmt":"2023-09-04T05:37:21","slug":"full-width","status":"publish","type":"page","link":"https:\/\/www.yaseminanaokulu.com\/?page_id=5549","title":{"rendered":"Vizyon &#8211; Misyon"},"content":{"rendered":"\t\t<div data-elementor-type=\"wp-page\" data-elementor-id=\"5549\" class=\"elementor elementor-5549\">\n\t\t\t\t\t\t<div class=\"elementor-inner\">\n\t\t\t\t<div class=\"elementor-section-wrap\">\n\t\t\t\t\t\t\t\t\t<section class=\"elementor-section elementor-top-section elementor-element elementor-element-16f34bd elementor-section-boxed elementor-section-height-default elementor-section-height-default\" data-id=\"16f34bd\" data-element_type=\"section\">\n\t\t\t\t\t\t<div class=\"elementor-container elementor-column-gap-default\">\n\t\t\t\t\t\t\t<div class=\"elementor-row\">\n\t\t\t\t\t<div class=\"elementor-column elementor-col-100 elementor-top-column elementor-element elementor-element-016fb84\" data-id=\"016fb84\" data-element_type=\"column\">\n\t\t\t<div class=\"elementor-column-wrap elementor-element-populated\">\n\t\t\t\t\t\t\t<div class=\"elementor-widget-wrap\">\n\t\t\t\t\t\t<div class=\"elementor-element elementor-element-46ff1ea elementor-widget elementor-widget-text-editor\" data-id=\"46ff1ea\" data-element_type=\"widget\" data-widget_type=\"text-editor.default\">\n\t\t\t\t<div class=\"elementor-widget-container\">\n\t\t\t<style>\/*! elementor - v3.15.0 - 20-08-2023 *\/\n.elementor-widget-text-editor.elementor-drop-cap-view-stacked .elementor-drop-cap{background-color:#69727d;color:#fff}.elementor-widget-text-editor.elementor-drop-cap-view-framed .elementor-drop-cap{color:#69727d;border:3px solid;background-color:transparent}.elementor-widget-text-editor:not(.elementor-drop-cap-view-default) .elementor-drop-cap{margin-top:8px}.elementor-widget-text-editor:not(.elementor-drop-cap-view-default) .elementor-drop-cap-letter{width:1em;height:1em}.elementor-widget-text-editor .elementor-drop-cap{float:left;text-align:center;line-height:1;font-size:50px}.elementor-widget-text-editor .elementor-drop-cap-letter{display:inline-block}<\/style>\t\t\t\t\t<div class=\"elementor-text-editor elementor-clearfix\">\n\t\t\t\t<p><strong>Meb \u00d6zel Yasemin Anaokulu<\/strong><\/p>\t\t\t\t\t<\/div>\n\t\t\t\t\t\t<\/div>\n\t\t\t\t<\/div>\n\t\t\t\t<div class=\"elementor-element elementor-element-7ef7768 elementor-widget elementor-widget-cws_callout\" data-id=\"7ef7768\" data-element_type=\"widget\" data-widget_type=\"cws_callout.default\">\n\t\t\t\t<div class=\"elementor-widget-container\">\n\t\t\t<div class=\"ce clearfix\"><div class=\"cws_callout\"><div class=\"content_section\"><div class=\"callout_title\"><div class=\"bees bees-end\"><span><\/span><\/div>Yasemin Anaokulu<\/div><div class=\"separate\"><\/div><div class=\"callout_text\"><p>Yasemin Anaokulu olarak e\u011fitimde 28. Y\u0131l\u0131m\u0131zda da esas ald\u0131\u011f\u0131m\u0131z hedef;\u00f6\u011frencilerimizin ezbere dayal\u0131 kalmaks\u0131z\u0131n \u00f6\u011frenmelerini sorgulamal\u0131 bir yakla\u015f\u0131mla problemleri \u00e7\u00f6zerek e\u011fitim olmas\u0131d\u0131r.<\/p><p>Misyon<br \/>\u00c7ocuklar\u0131n ara\u015ft\u0131rarak \u00e7\u00f6z\u00fcmler bularak \u00f6\u011frenmesini ama\u00e7l\u0131yoruz. \u00c7ocuklara bilgiyi aktar\u0131rken direk vermek yerine merak uyand\u0131r\u0131c\u0131 aktivitelerle bilgiye \u00e7ocu\u011fun ula\u015fmas\u0131n\u0131 sa\u011fl\u0131yoruz. Buda \u00e7ocukta kal\u0131c\u0131 bir \u00f6\u011frenmeyi ger\u00e7ekle\u015ftiriyor. \u00c7ocuklar bu y\u00f6ntemle bilgiyi ke\u015ffederek ara\u015ft\u0131rarak,d\u00fc\u015f\u00fcnerek,problem \u00e7\u00f6zerek ula\u015fman\u0131n keyfine var\u0131yor.<\/p><p>Vizyon<br \/>Bilgiyi ke\u015ffederek, ara\u015ft\u0131rarak, aktif olarak ya\u015famda kullanabilen, sorgulayan, ara\u015ft\u0131r\u0131c\u0131 yakla\u015f\u0131mlarla \u00e7\u00f6zebilen, ki\u015filik bilinci geli\u015fmi\u015f topluma uyum sa\u011flayabilen, sosyal, empati yapabilen, do\u011faya ve \u00e7evresine sayg\u0131l\u0131, yard\u0131mla\u015fan , ho\u015fg\u00f6r\u00fcl\u00fc, payla\u015f\u0131mc\u0131, sorumluluk sahibi , ileti\u015fim yetisi geli\u015fmi\u015f, \u00f6z de\u011ferlerine sahip, ilkeli ayd\u0131n bireyler yeti\u015ftirmektedir.<\/p><\/div><\/div><\/div><\/div>\t\t<\/div>\n\t\t\t\t<\/div>\n\t\t\t\t\t\t<\/div>\n\t\t\t\t\t<\/div>\n\t\t<\/div>\n\t\t\t\t\t\t\t\t<\/div>\n\t\t\t\t\t<\/div>\n\t\t<\/section>\n\t\t\t\t\t\t\t\t\t<\/div>\n\t\t\t<\/div>\n\t\t\t\t\t<\/div>\n\t\t","protected":false},"excerpt":{"rendered":"<p>Meb \u00d6zel Yasemin Anaokulu<\/p>\n","protected":false},"author":1,"featured_media":0,"parent":0,"menu_order":0,"comment_status":"closed","ping_status":"closed","template":"","meta":{"footnotes":""},"_links":{"self":[{"href":"https:\/\/www.yaseminanaokulu.com\/index.php?rest_route=\/wp\/v2\/pages\/5549"}],"collection":[{"href":"https:\/\/www.yaseminanaokulu.com\/index.php?rest_route=\/wp\/v2\/pages"}],"about":[{"href":"https:\/\/www.yaseminanaokulu.com\/index.php?rest_route=\/wp\/v2\/types\/page"}],"author":[{"embeddable":true,"href":"https:\/\/www.yaseminanaokulu.com\/index.php?rest_route=\/wp\/v2\/users\/1"}],"replies":[{"embeddable":true,"href":"https:\/\/www.yaseminanaokulu.com\/index.php?rest_route=%2Fwp%2Fv2%2Fcomments&post=5549"}],"version-history":[{"count":4,"href":"https:\/\/www.yaseminanaokulu.com\/index.php?rest_route=\/wp\/v2\/pages\/5549\/revisions"}],"predecessor-version":[{"id":6360,"href":"https:\/\/www.yaseminanaokulu.com\/index.php?rest_route=\/wp\/v2\/pages\/5549\/revisions\/6360"}],"wp:attachment":[{"href":"https:\/\/www.yaseminanaokulu.com\/index.php?rest_route=%2Fwp%2Fv2%2Fmedia&parent=5549"}],"curies":[{"name":"wp","href":"https:\/\/api.w.org\/{rel}","templated":true}]}}