{"id":6419,"date":"2023-09-04T07:52:08","date_gmt":"2023-09-04T07:52:08","guid":{"rendered":"https:\/\/www.yaseminanaokulu.com\/?page_id=6419"},"modified":"2023-09-04T08:04:19","modified_gmt":"2023-09-04T08:04:19","slug":"mental-etkinlikler","status":"publish","type":"page","link":"https:\/\/www.yaseminanaokulu.com\/?page_id=6419","title":{"rendered":"Mental Etkinlikler"},"content":{"rendered":"\t\t<div data-elementor-type=\"wp-page\" data-elementor-id=\"6419\" class=\"elementor elementor-6419\">\n\t\t\t\t\t\t<div class=\"elementor-inner\">\n\t\t\t\t<div class=\"elementor-section-wrap\">\n\t\t\t\t\t\t\t\t\t<section class=\"elementor-section elementor-top-section elementor-element elementor-element-e21daed elementor-section-boxed elementor-section-height-default elementor-section-height-default\" data-id=\"e21daed\" data-element_type=\"section\">\n\t\t\t\t\t\t<div class=\"elementor-container elementor-column-gap-default\">\n\t\t\t\t\t\t\t<div class=\"elementor-row\">\n\t\t\t\t\t<div class=\"elementor-column elementor-col-100 elementor-top-column elementor-element elementor-element-ab8cddc\" data-id=\"ab8cddc\" data-element_type=\"column\">\n\t\t\t<div class=\"elementor-column-wrap elementor-element-populated\">\n\t\t\t\t\t\t\t<div class=\"elementor-widget-wrap\">\n\t\t\t\t\t\t<div class=\"elementor-element elementor-element-d7f55bd elementor-widget elementor-widget-cws_heading\" data-id=\"d7f55bd\" data-element_type=\"widget\" data-widget_type=\"cws_heading.default\">\n\t\t\t\t<div class=\"elementor-widget-container\">\n\t\t\t<h3 class=\"ce_title heading\"><div>MEB \u00d6zel Yasemin Anaokulu - Avc\u0131lar<\/div><\/h3>\t\t<\/div>\n\t\t\t\t<\/div>\n\t\t\t\t\t\t<\/div>\n\t\t\t\t\t<\/div>\n\t\t<\/div>\n\t\t\t\t\t\t\t\t<\/div>\n\t\t\t\t\t<\/div>\n\t\t<\/section>\n\t\t\t\t<section class=\"elementor-section elementor-top-section elementor-element elementor-element-c4f2021 elementor-section-boxed elementor-section-height-default elementor-section-height-default\" data-id=\"c4f2021\" data-element_type=\"section\">\n\t\t\t\t\t\t<div class=\"elementor-container elementor-column-gap-default\">\n\t\t\t\t\t\t\t<div class=\"elementor-row\">\n\t\t\t\t\t<div class=\"elementor-column elementor-col-100 elementor-top-column elementor-element elementor-element-566bf51\" data-id=\"566bf51\" data-element_type=\"column\">\n\t\t\t<div class=\"elementor-column-wrap elementor-element-populated\">\n\t\t\t\t\t\t\t<div class=\"elementor-widget-wrap\">\n\t\t\t\t\t\t<div class=\"elementor-element elementor-element-b161a5f elementor-widget elementor-widget-text-editor\" data-id=\"b161a5f\" data-element_type=\"widget\" data-widget_type=\"text-editor.default\">\n\t\t\t\t<div class=\"elementor-widget-container\">\n\t\t\t<style>\/*! elementor - v3.15.0 - 20-08-2023 *\/\n.elementor-widget-text-editor.elementor-drop-cap-view-stacked .elementor-drop-cap{background-color:#69727d;color:#fff}.elementor-widget-text-editor.elementor-drop-cap-view-framed .elementor-drop-cap{color:#69727d;border:3px solid;background-color:transparent}.elementor-widget-text-editor:not(.elementor-drop-cap-view-default) .elementor-drop-cap{margin-top:8px}.elementor-widget-text-editor:not(.elementor-drop-cap-view-default) .elementor-drop-cap-letter{width:1em;height:1em}.elementor-widget-text-editor .elementor-drop-cap{float:left;text-align:center;line-height:1;font-size:50px}.elementor-widget-text-editor .elementor-drop-cap-letter{display:inline-block}<\/style>\t\t\t\t\t<div class=\"elementor-text-editor elementor-clearfix\">\n\t\t\t\t<div class=\"title\" style=\"font-style: normal; font-variant-ligatures: normal; font-variant-caps: normal; font-weight: 400; font-size: 19px; font-family: Dosis, Arial, Helvetica, sans-serif; vertical-align: middle; display: table-cell;\"><h1 style=\"font-size: 1.74em; font-family: 'Patrick Hand', Arial, Helvetica, sans-serif; color: #26b4d7;\">Mental Etkinlikler<\/h1><div>\u00a0<\/div><\/div><p>D\u0130KKAT GEL\u0130\u015eT\u0130RME EGZERS\u0130ZLER\u0130<\/p><p>\u00d6\u011frencilerimiz her sabah kendi ya\u015f gruplar\u0131na ait ve \u00f6zenle se\u00e7ilmi\u015f ki\u015fiye \u00f6zel setlerden dikkat geli\u015ftirme egzersizleri yaparlar.<\/p><p>MANDALA<br \/>\u00d6\u011frencilerimiz klasik m\u00fczik e\u015fli\u011finde kendilerine verilen \u00f6zel fig\u00fcrleri konu\u015fmadan ve sadece yapt\u0131klar\u0131 etkinli\u011fe odaklanarak boyarlar .Etkinlik boyunca s\u00fcre tutulur ve kaydedilir.Her etkinlikte odaklanma s\u00fcresinin artt\u0131r\u0131lmas\u0131 hedeflenir.<\/p><p>AKIL OYUNLARI<br \/>\u00d6\u011frencilerimiz ya\u015f gruplar\u0131na \u00f6zel se\u00e7ilmi\u015f oyun ve oyuncaklarla pozitif sonuca ula\u015fmak i\u00e7in ak\u0131l y\u00fcr\u00fctmeyi ve negatif sonucu kabullenmek yerine bu sonucu de\u011fi\u015ftirmenin \u00e7\u00f6z\u00fcm yolunu ararlar.<\/p><p>ZEKA GEL\u0130\u015eT\u0130RME ETK\u0130NL\u0130KLER\u0130<br \/>Geli\u015ftirilebilirbir \u00f6zellik olan zekan\u0131n ve fark\u0131ndal\u0131\u011f\u0131n geli\u015ftirilmesi amac\u0131yla \u00f6zel setlerle uygulanan etkinlikleri kapsar.<\/p><p>MEMORY<br \/>Bu etkinli\u011fimizde okul d\u00f6nemine haz\u0131rl\u0131k olarak \u00f6zel set ve kartlarla uygulanan etkinlikte k\u0131sa ve uzun s\u00fcreli haf\u0131zay\u0131 geli\u015ftirmek hedeflenir.<\/p><p>ALGI ETK\u0130NL\u0130KLER\u0130<br \/>\u00c7ocuklar\u0131m\u0131z\u0131n olay ve durumlara kar\u015f\u0131 bak\u0131\u015f a\u00e7\u0131lar\u0131n\u0131 derinle\u015ftirmek ,\u00e7ok y\u00f6nl\u00fc bak\u0131\u015f a\u00e7\u0131s\u0131 geli\u015ftirmek amac\u0131yla yap\u0131lan \u00e7al\u0131\u015fmalard\u0131r.Kurumumuzda bu etkinli\u011fimiz i\u00e7in yine \u00f6zel setler kullan\u0131l\u0131r.<\/p><p>YARATICI D\u00dc\u015e\u00dcNME ETK\u0130NL\u0130KLER\u0130<br \/>Etkinli\u011fimizde \u00e7izgi tamamlama, resim tamamlama ,\u00f6yk\u00fc tamamlama vs\u2026.gibi \u00e7al\u0131\u015fmalarla problem \u00e7\u00f6zme ve hayal g\u00fcc\u00fcn\u00fc geli\u015ftirme, farkl\u0131 d\u00fc\u015f\u00fcnme becerilerinin kazand\u0131r\u0131lmas\u0131 hedeflenir.<\/p>\t\t\t\t\t<\/div>\n\t\t\t\t\t\t<\/div>\n\t\t\t\t<\/div>\n\t\t\t\t\t\t<\/div>\n\t\t\t\t\t<\/div>\n\t\t<\/div>\n\t\t\t\t\t\t\t\t<\/div>\n\t\t\t\t\t<\/div>\n\t\t<\/section>\n\t\t\t\t\t\t\t\t\t<\/div>\n\t\t\t<\/div>\n\t\t\t\t\t<\/div>\n\t\t","protected":false},"excerpt":{"rendered":"<p>Mental Etkinlikler \u00a0 D\u0130KKAT GEL\u0130\u015eT\u0130RME EGZERS\u0130ZLER\u0130 \u00d6\u011frencilerimiz her sabah kendi ya\u015f gruplar\u0131na ait ve \u00f6zenle se\u00e7ilmi\u015f ki\u015fiye \u00f6zel setlerden dikkat geli\u015ftirme egzersizleri yaparlar. MANDALA\u00d6\u011frencilerimiz klasik m\u00fczik e\u015fli\u011finde kendilerine verilen \u00f6zel fig\u00fcrleri konu\u015fmadan ve sadece yapt\u0131klar\u0131 etkinli\u011fe odaklanarak boyarlar .Etkinlik boyunca s\u00fcre tutulur ve kaydedilir.Her etkinlikte odaklanma s\u00fcresinin artt\u0131r\u0131lmas\u0131 hedeflenir. AKIL OYUNLARI\u00d6\u011frencilerimiz ya\u015f gruplar\u0131na \u00f6zel se\u00e7ilmi\u015f oyun ve oyuncaklarla pozitif sonuca ula\u015fmak i\u00e7in ak\u0131l y\u00fcr\u00fctmeyi ve negatif sonucu kabullenmek yerine bu sonucu de\u011fi\u015ftirmenin \u00e7\u00f6z\u00fcm yolunu ararlar. ZEKA GEL\u0130\u015eT\u0130RME ETK\u0130NL\u0130KLER\u0130Geli\u015ftirilebilirbir \u00f6zellik olan zekan\u0131n ve fark\u0131ndal\u0131\u011f\u0131n geli\u015ftirilmesi amac\u0131yla \u00f6zel setlerle uygulanan etkinlikleri kapsar. MEMORYBu etkinli\u011fimizde okul d\u00f6nemine haz\u0131rl\u0131k olarak \u00f6zel set ve kartlarla uygulanan etkinlikte k\u0131sa ve uzun s\u00fcreli haf\u0131zay\u0131 geli\u015ftirmek hedeflenir. ALGI ETK\u0130NL\u0130KLER\u0130\u00c7ocuklar\u0131m\u0131z\u0131n olay ve durumlara kar\u015f\u0131 bak\u0131\u015f a\u00e7\u0131lar\u0131n\u0131 derinle\u015ftirmek ,\u00e7ok y\u00f6nl\u00fc bak\u0131\u015f a\u00e7\u0131s\u0131 geli\u015ftirmek amac\u0131yla yap\u0131lan \u00e7al\u0131\u015fmalard\u0131r.Kurumumuzda bu etkinli\u011fimiz i\u00e7in yine \u00f6zel setler kullan\u0131l\u0131r. YARATICI D\u00dc\u015e\u00dcNME ETK\u0130NL\u0130KLER\u0130Etkinli\u011fimizde \u00e7izgi tamamlama, resim tamamlama ,\u00f6yk\u00fc tamamlama vs\u2026.gibi \u00e7al\u0131\u015fmalarla problem \u00e7\u00f6zme ve hayal g\u00fcc\u00fcn\u00fc geli\u015ftirme, farkl\u0131 d\u00fc\u015f\u00fcnme becerilerinin kazand\u0131r\u0131lmas\u0131 hedeflenir.<\/p>\n","protected":false},"author":1,"featured_media":0,"parent":0,"menu_order":0,"comment_status":"closed","ping_status":"closed","template":"","meta":{"footnotes":""},"_links":{"self":[{"href":"https:\/\/www.yaseminanaokulu.com\/index.php?rest_route=\/wp\/v2\/pages\/6419"}],"collection":[{"href":"https:\/\/www.yaseminanaokulu.com\/index.php?rest_route=\/wp\/v2\/pages"}],"about":[{"href":"https:\/\/www.yaseminanaokulu.com\/index.php?rest_route=\/wp\/v2\/types\/page"}],"author":[{"embeddable":true,"href":"https:\/\/www.yaseminanaokulu.com\/index.php?rest_route=\/wp\/v2\/users\/1"}],"replies":[{"embeddable":true,"href":"https:\/\/www.yaseminanaokulu.com\/index.php?rest_route=%2Fwp%2Fv2%2Fcomments&post=6419"}],"version-history":[{"count":7,"href":"https:\/\/www.yaseminanaokulu.com\/index.php?rest_route=\/wp\/v2\/pages\/6419\/revisions"}],"predecessor-version":[{"id":6429,"href":"https:\/\/www.yaseminanaokulu.com\/index.php?rest_route=\/wp\/v2\/pages\/6419\/revisions\/6429"}],"wp:attachment":[{"href":"https:\/\/www.yaseminanaokulu.com\/index.php?rest_route=%2Fwp%2Fv2%2Fmedia&parent=6419"}],"curies":[{"name":"wp","href":"https:\/\/api.w.org\/{rel}","templated":true}]}}