{"id":6456,"date":"2023-09-04T08:23:38","date_gmt":"2023-09-04T08:23:38","guid":{"rendered":"https:\/\/www.yaseminanaokulu.com\/?page_id=6456"},"modified":"2023-09-04T08:24:27","modified_gmt":"2023-09-04T08:24:27","slug":"gems","status":"publish","type":"page","link":"https:\/\/www.yaseminanaokulu.com\/?page_id=6456","title":{"rendered":"GEMS"},"content":{"rendered":"\t\t<div data-elementor-type=\"wp-page\" data-elementor-id=\"6456\" class=\"elementor elementor-6456\">\n\t\t\t\t\t\t<div class=\"elementor-inner\">\n\t\t\t\t<div class=\"elementor-section-wrap\">\n\t\t\t\t\t\t\t\t\t<section class=\"elementor-section elementor-top-section elementor-element elementor-element-1edf864 elementor-section-boxed elementor-section-height-default elementor-section-height-default\" data-id=\"1edf864\" data-element_type=\"section\">\n\t\t\t\t\t\t<div class=\"elementor-container elementor-column-gap-default\">\n\t\t\t\t\t\t\t<div class=\"elementor-row\">\n\t\t\t\t\t<div class=\"elementor-column elementor-col-100 elementor-top-column elementor-element elementor-element-c650667\" data-id=\"c650667\" data-element_type=\"column\">\n\t\t\t<div class=\"elementor-column-wrap elementor-element-populated\">\n\t\t\t\t\t\t\t<div class=\"elementor-widget-wrap\">\n\t\t\t\t\t\t<div class=\"elementor-element elementor-element-be1c639 elementor-widget elementor-widget-cws_heading\" data-id=\"be1c639\" data-element_type=\"widget\" data-widget_type=\"cws_heading.default\">\n\t\t\t\t<div class=\"elementor-widget-container\">\n\t\t\t<h3 class=\"ce_title heading\"><div>MEB \u00d6zel Yasemin Anaokulu - Avc\u0131lar<\/div><\/h3>\t\t<\/div>\n\t\t\t\t<\/div>\n\t\t\t\t\t\t<\/div>\n\t\t\t\t\t<\/div>\n\t\t<\/div>\n\t\t\t\t\t\t\t\t<\/div>\n\t\t\t\t\t<\/div>\n\t\t<\/section>\n\t\t\t\t<section class=\"elementor-section elementor-top-section elementor-element elementor-element-61987d8 elementor-section-boxed elementor-section-height-default elementor-section-height-default\" data-id=\"61987d8\" data-element_type=\"section\">\n\t\t\t\t\t\t<div class=\"elementor-container elementor-column-gap-default\">\n\t\t\t\t\t\t\t<div class=\"elementor-row\">\n\t\t\t\t\t<div class=\"elementor-column elementor-col-100 elementor-top-column elementor-element elementor-element-1fb6c2c\" data-id=\"1fb6c2c\" data-element_type=\"column\">\n\t\t\t<div class=\"elementor-column-wrap elementor-element-populated\">\n\t\t\t\t\t\t\t<div class=\"elementor-widget-wrap\">\n\t\t\t\t\t\t<div class=\"elementor-element elementor-element-e5953f7 elementor-widget elementor-widget-text-editor\" data-id=\"e5953f7\" data-element_type=\"widget\" data-widget_type=\"text-editor.default\">\n\t\t\t\t<div class=\"elementor-widget-container\">\n\t\t\t<style>\/*! elementor - v3.15.0 - 20-08-2023 *\/\n.elementor-widget-text-editor.elementor-drop-cap-view-stacked .elementor-drop-cap{background-color:#69727d;color:#fff}.elementor-widget-text-editor.elementor-drop-cap-view-framed .elementor-drop-cap{color:#69727d;border:3px solid;background-color:transparent}.elementor-widget-text-editor:not(.elementor-drop-cap-view-default) .elementor-drop-cap{margin-top:8px}.elementor-widget-text-editor:not(.elementor-drop-cap-view-default) .elementor-drop-cap-letter{width:1em;height:1em}.elementor-widget-text-editor .elementor-drop-cap{float:left;text-align:center;line-height:1;font-size:50px}.elementor-widget-text-editor .elementor-drop-cap-letter{display:inline-block}<\/style>\t\t\t\t\t<div class=\"elementor-text-editor elementor-clearfix\">\n\t\t\t\t<p>Gems Program\u0131<br \/>California \u00dcniversitesi b\u00fcnyesinde yer alan LawranceHall of Science adl\u0131 bir fen merkezi taraf\u0131ndan olu\u015fturulmu\u015f, s\u00fcrekli geli\u015fen bir programd\u0131r.<\/p><p>Heyecan verici fen-do\u011fa deneylerini, matematik \u00e7al\u0131\u015fmalar\u0131n\u0131; yarat\u0131c\u0131 drama ve sanat etkinli\u011fi ile birle\u015ftirip s\u0131n\u0131fa ta\u015f\u0131yarak; \u00f6\u011frenmeyi daha kaliteli, s\u00fcr\u00fckleyici, keyifli ve e\u011flenceli hale getirmek i\u00e7in esnek bir program olan GEMS\u2019 ten destek almaktay\u0131z.<\/p>\t\t\t\t\t<\/div>\n\t\t\t\t\t\t<\/div>\n\t\t\t\t<\/div>\n\t\t\t\t\t\t<\/div>\n\t\t\t\t\t<\/div>\n\t\t<\/div>\n\t\t\t\t\t\t\t\t<\/div>\n\t\t\t\t\t<\/div>\n\t\t<\/section>\n\t\t\t\t\t\t\t\t\t<\/div>\n\t\t\t<\/div>\n\t\t\t\t\t<\/div>\n\t\t","protected":false},"excerpt":{"rendered":"<p>Gems Program\u0131California \u00dcniversitesi b\u00fcnyesinde yer alan LawranceHall of Science adl\u0131 bir fen merkezi taraf\u0131ndan olu\u015fturulmu\u015f, s\u00fcrekli geli\u015fen bir programd\u0131r. Heyecan verici fen-do\u011fa deneylerini, matematik \u00e7al\u0131\u015fmalar\u0131n\u0131; yarat\u0131c\u0131 drama ve sanat etkinli\u011fi ile birle\u015ftirip s\u0131n\u0131fa ta\u015f\u0131yarak; \u00f6\u011frenmeyi daha kaliteli, s\u00fcr\u00fckleyici, keyifli ve e\u011flenceli hale getirmek i\u00e7in esnek bir program olan GEMS\u2019 ten destek almaktay\u0131z.<\/p>\n","protected":false},"author":1,"featured_media":0,"parent":0,"menu_order":0,"comment_status":"closed","ping_status":"closed","template":"","meta":{"footnotes":""},"_links":{"self":[{"href":"https:\/\/www.yaseminanaokulu.com\/index.php?rest_route=\/wp\/v2\/pages\/6456"}],"collection":[{"href":"https:\/\/www.yaseminanaokulu.com\/index.php?rest_route=\/wp\/v2\/pages"}],"about":[{"href":"https:\/\/www.yaseminanaokulu.com\/index.php?rest_route=\/wp\/v2\/types\/page"}],"author":[{"embeddable":true,"href":"https:\/\/www.yaseminanaokulu.com\/index.php?rest_route=\/wp\/v2\/users\/1"}],"replies":[{"embeddable":true,"href":"https:\/\/www.yaseminanaokulu.com\/index.php?rest_route=%2Fwp%2Fv2%2Fcomments&post=6456"}],"version-history":[{"count":4,"href":"https:\/\/www.yaseminanaokulu.com\/index.php?rest_route=\/wp\/v2\/pages\/6456\/revisions"}],"predecessor-version":[{"id":6460,"href":"https:\/\/www.yaseminanaokulu.com\/index.php?rest_route=\/wp\/v2\/pages\/6456\/revisions\/6460"}],"wp:attachment":[{"href":"https:\/\/www.yaseminanaokulu.com\/index.php?rest_route=%2Fwp%2Fv2%2Fmedia&parent=6456"}],"curies":[{"name":"wp","href":"https:\/\/api.w.org\/{rel}","templated":true}]}}