{"id":6576,"date":"2023-09-05T13:06:21","date_gmt":"2023-09-05T13:06:21","guid":{"rendered":"https:\/\/www.yaseminanaokulu.com\/?page_id=6576"},"modified":"2023-09-05T13:06:22","modified_gmt":"2023-09-05T13:06:22","slug":"ilkokul-hazirlik-sinifi","status":"publish","type":"page","link":"https:\/\/www.yaseminanaokulu.com\/?page_id=6576","title":{"rendered":"\u0130lkokul haz\u0131rl\u0131k s\u0131n\u0131f\u0131"},"content":{"rendered":"","protected":false},"excerpt":{"rendered":"","protected":false},"author":1,"featured_media":0,"parent":0,"menu_order":0,"comment_status":"closed","ping_status":"closed","template":"","meta":{"footnotes":""},"_links":{"self":[{"href":"https:\/\/www.yaseminanaokulu.com\/index.php?rest_route=\/wp\/v2\/pages\/6576"}],"collection":[{"href":"https:\/\/www.yaseminanaokulu.com\/index.php?rest_route=\/wp\/v2\/pages"}],"about":[{"href":"https:\/\/www.yaseminanaokulu.com\/index.php?rest_route=\/wp\/v2\/types\/page"}],"author":[{"embeddable":true,"href":"https:\/\/www.yaseminanaokulu.com\/index.php?rest_route=\/wp\/v2\/users\/1"}],"replies":[{"embeddable":true,"href":"https:\/\/www.yaseminanaokulu.com\/index.php?rest_route=%2Fwp%2Fv2%2Fcomments&post=6576"}],"version-history":[{"count":1,"href":"https:\/\/www.yaseminanaokulu.com\/index.php?rest_route=\/wp\/v2\/pages\/6576\/revisions"}],"predecessor-version":[{"id":6577,"href":"https:\/\/www.yaseminanaokulu.com\/index.php?rest_route=\/wp\/v2\/pages\/6576\/revisions\/6577"}],"wp:attachment":[{"href":"https:\/\/www.yaseminanaokulu.com\/index.php?rest_route=%2Fwp%2Fv2%2Fmedia&parent=6576"}],"curies":[{"name":"wp","href":"https:\/\/api.w.org\/{rel}","templated":true}]}}